{"id":2798,"date":"2015-07-07T12:40:26","date_gmt":"2015-07-07T12:40:26","guid":{"rendered":"http:\/\/bataille-degroote-avocats.fr\/index.php\/home\/"},"modified":"2025-01-24T17:43:18","modified_gmt":"2025-01-24T16:43:18","slug":"home","status":"publish","type":"page","link":"https:\/\/bataille-degroote-avocats.fr\/","title":{"rendered":"Accueil"},"content":{"rendered":"<p>[vc_row header_feature=\u00a0\u00bbyes\u00a0\u00bb padding_top=\u00a0\u00bb120&Prime; padding_bottom=\u00a0\u00bb120&Prime; margin_bottom=\u00a0\u00bb0&Prime;][vc_column][vc_column_text animation=\u00a0\u00bbfadeInLeft\u00a0\u00bb]<\/p>\n<h1>Cabinet d\u2019avocats 100 Quai de la Rap\u00e9e<\/h1>\n<p>[\/vc_column_text][vc_column_text text_style=\u00a0\u00bbleader-text\u00a0\u00bb animation=\u00a0\u00bbfadeInLeft\u00a0\u00bb animation_delay=\u00a0\u00bb250&Prime;]SCP d\u2019avocats BATAILLE \u2013 DEGROOTE<\/p>\n<p>Le cabinet d\u2019avocats a \u00e9t\u00e9 cr\u00e9\u00e9 le 8 janvier 1991.<\/p>\n<p>100 Quai de la Rap\u00e9e, 75012 PARIS<br \/>\nT\u00e9l\u00e9phone : 01 43 41 87 87<br \/>\nMail : cabinet@bataille-degroote-avocats.fr[\/vc_column_text][\/vc_column][\/vc_row][vc_row margin_bottom=\u00a0\u00bb0&Prime; padding_bottom=\u00a0\u00bb120&Prime;][vc_column width=\u00a0\u00bb1\/3&Prime;]<div class=\"eut-element eut-slogan eut-align-left eut-animated-item eut-fadeInLeft\" style=\"\" data-delay=\"300\"><h4 class=\"eut-slogan-title eut-align-left eut-title-no-line\"><span>\u00catre disponibles<\/span><\/h4>  <p class=\"\">Disponibles et accessibles, nous sommes pr\u00e9sents pour vous assister tout au long de vos projets ou proc\u00e9dures.<\/p><\/div>[\/vc_column][vc_column width=\u00a0\u00bb1\/3&Prime;]<div class=\"eut-element eut-slogan eut-align-left eut-animated-item eut-fadeInLeft\" style=\"\" data-delay=\"400\"><h4 class=\"eut-slogan-title eut-align-left eut-title-no-line\"><span>\u00c9couter et comprendre<\/span><\/h4>  <p class=\"\">R\u00e9actifs, nous prenons le temps de vous \u00e9couter et de vous recevoir afin de r\u00e9pondre au mieux \u00e0 vos interrogations.<\/p><\/div>[\/vc_column][vc_column width=\u00a0\u00bb1\/3&Prime;]<div class=\"eut-element eut-slogan eut-align-left eut-animated-item eut-fadeInLeft\" style=\"\" data-delay=\"500\"><h4 class=\"eut-slogan-title eut-align-left eut-title-no-line\"><span>Travailler en \u00e9quipe<\/span><\/h4>  <p class=\"\">Comprendre et analyser les dossiers en \u00e9quipe. Le cabinet est compos\u00e9 de trois avocats dont les domaines d\u2019activit\u00e9s sont compl\u00e9mentaires et couvrent tous les domaines du droit.<\/p><\/div>[\/vc_column][\/vc_row][vc_row section_type=\u00a0\u00bbfullwidth-element\u00a0\u00bb margin_bottom=\u00a0\u00bb0&Prime;][vc_column]<div class=\"eut-element eut-hr \" style=\"\"><div class=\"eut-line-divider\"><\/div><\/div>[vc_row_inner][vc_column_inner width=\u00a0\u00bb1\/3&Prime;]<div class=\"eut-element eut-image eut-align-center\" style=\"\"><img loading=\"lazy\" decoding=\"async\" width=\"600\" height=\"600\" src=\"https:\/\/bataille-degroote-avocats.fr\/wp-content\/uploads\/2025\/01\/eleonnore-600x600.jpg\" class=\"attachment-eut-image-small-square size-eut-image-small-square\" alt=\"Maitre El\u00e9onore DEGROOTE\" srcset=\"https:\/\/bataille-degroote-avocats.fr\/wp-content\/uploads\/2025\/01\/eleonnore-600x600.jpg 600w, https:\/\/bataille-degroote-avocats.fr\/wp-content\/uploads\/2025\/01\/eleonnore-150x150.jpg 150w, https:\/\/bataille-degroote-avocats.fr\/wp-content\/uploads\/2025\/01\/eleonnore-1120x1120.jpg 1120w\" sizes=\"auto, (max-width: 600px) 100vw, 600px\" \/><\/div><div class=\"eut-element eut-slogan eut-align-center\" style=\"\"><h2 class=\"eut-slogan-title eut-align-center eut-title-no-line\"><span>\u00c9leonore DEGROOTE<\/span><\/h2>  <p class=\"eut-leader-text\">Avocate depuis 2015 apr\u00e8s un Master II en droit p\u00e9nal puis en droit de la sant\u00e9, Ma\u00eetre El\u00e9onore DEGROOTE a d\u2019abord int\u00e9gr\u00e9 le cabinet comme collaboratrice avant de s\u2019associer \u00e0 Ma\u00eetre BATAILLE en 2016. <\/p><\/div>[\/vc_column_inner][vc_column_inner width=\u00a0\u00bb1\/3&Prime;]<div class=\"eut-element eut-image eut-align-center\" style=\"\"><img loading=\"lazy\" decoding=\"async\" width=\"600\" height=\"600\" src=\"https:\/\/bataille-degroote-avocats.fr\/wp-content\/uploads\/2025\/01\/etienne-600x600.jpg\" class=\"attachment-eut-image-small-square size-eut-image-small-square\" alt=\"Avocat Etienne Bataille\" srcset=\"https:\/\/bataille-degroote-avocats.fr\/wp-content\/uploads\/2025\/01\/etienne-600x600.jpg 600w, https:\/\/bataille-degroote-avocats.fr\/wp-content\/uploads\/2025\/01\/etienne-150x150.jpg 150w, https:\/\/bataille-degroote-avocats.fr\/wp-content\/uploads\/2025\/01\/etienne-1120x1120.jpg 1120w\" sizes=\"auto, (max-width: 600px) 100vw, 600px\" \/><\/div><div class=\"eut-element eut-slogan eut-align-center\" style=\"\"><h2 class=\"eut-slogan-title eut-align-center eut-title-no-line\"><span>\u00c9tienne BATAILLE<\/span><\/h2>  <p class=\"eut-leader-text\">Ma\u00eetre Etienne BATAILLE a pr\u00eat\u00e9 serment en 1985, apr\u00e8s des \u00e9tudes \u00e0 la Facult\u00e9 de Droit de POITIERS, puis \u00e0 PARIS (DEA droit du travail &#8211; PANTHEON II, ASSAS). Il a cr\u00e9\u00e9 le cabinet en 1991. Il est co-auteur de l\u2019ouvrage \u00ab La Proc\u00e9dure prud\u2019homale \u00bb avec Ma\u00eetre Muriel CORMORANT.<\/p><\/div>[\/vc_column_inner][vc_column_inner width=\u00a0\u00bb1\/3&Prime;]<div class=\"eut-element eut-image eut-align-center\" style=\"\"><img loading=\"lazy\" decoding=\"async\" width=\"600\" height=\"600\" src=\"https:\/\/bataille-degroote-avocats.fr\/wp-content\/uploads\/2025\/01\/clara-600x600.jpg\" class=\"attachment-eut-image-small-square size-eut-image-small-square\" alt=\"Clara CANTO\" srcset=\"https:\/\/bataille-degroote-avocats.fr\/wp-content\/uploads\/2025\/01\/clara-600x600.jpg 600w, https:\/\/bataille-degroote-avocats.fr\/wp-content\/uploads\/2025\/01\/clara-150x150.jpg 150w, https:\/\/bataille-degroote-avocats.fr\/wp-content\/uploads\/2025\/01\/clara-1120x1120.jpg 1120w\" sizes=\"auto, (max-width: 600px) 100vw, 600px\" \/><\/div><div class=\"eut-element eut-slogan eut-align-center\" style=\"\"><h2 class=\"eut-slogan-title eut-align-center eut-title-no-line\"><span>Clara CANTO<\/span><\/h2>  <p class=\"eut-leader-text\">Avocate depuis 2023 apr\u00e8s un Master II en droit social PARIS X NANTERRE, elle rejoint le cabinet comme collaboratrice.<\/p><\/div>[\/vc_column_inner][\/vc_row_inner][\/vc_column][\/vc_row][vc_row heading_color=\u00a0\u00bbprimary-1&Prime; padding_top=\u00a0\u00bb200&Prime; padding_bottom=\u00a0\u00bb200&Prime; margin_bottom=\u00a0\u00bb0&Prime;][vc_column width=\u00a0\u00bb1\/3&Prime; tablet_sm_width=\u00a0\u00bb1&Prime;]<div class=\"eut-element eut-box-icon eut-align-center eut-small\" style=\"\">  <div class=\"eut-wrapper-icon eut-no-shape eut-color-grey\"><span class=\"eut-color-grey\"><\/span><\/div>  <div class=\"eut-box-content\">      <h5 class=\"eut-box-title\">Droit du Travail et Droit Social<\/h5>    <p class=\"\">&#8211; Actions prud\u2019homales<br \/>\n&#8211; Contentieux relevant de la comp\u00e9tence du P\u00f4le social<br \/>\n&#8211; Contentieux de l\u2019inspection et de la m\u00e9decine du travail<br \/>\n&#8211; Assistance et Conseil des CSE et organisations syndicales<\/p>  <\/div><\/div><div class=\"eut-element eut-box-icon eut-align-center eut-small\" style=\"\">  <div class=\"eut-wrapper-icon eut-no-shape eut-color-grey\"><span class=\"eut-color-grey\"><\/span><\/div>  <div class=\"eut-box-content\">      <h5 class=\"eut-box-title\">Droit public<\/h5>    <p class=\"\">&#8211; Droit des \u00e9trangers<br \/>\n&#8211; Droit de la nationalit\u00e9<br \/>\n&#8211; Droit de la fonction publique <\/p>  <\/div><\/div>[\/vc_column][vc_column width=\u00a0\u00bb1\/3&Prime; tablet_sm_width=\u00a0\u00bb1&Prime;]<div class=\"eut-element eut-box-icon eut-align-center eut-small\" style=\"\">  <div class=\"eut-wrapper-icon eut-no-shape eut-color-grey\"><span class=\"eut-color-grey\"><\/span><\/div>  <div class=\"eut-box-content\">      <h5 class=\"eut-box-title\">Droit Penal<\/h5>    <p class=\"\">&#8211; Assistance pr\u00e9venus, parties civiles devant les juridictions de police, correctionnelles et criminelles<br \/>\n&#8211; Conseil et contentieux du pr\u00e9judice corporel<br \/>\n&#8211; Droit p\u00e9nal des mineurs<\/p>  <\/div><\/div><div class=\"eut-element eut-box-icon eut-align-center eut-small\" style=\"\">  <div class=\"eut-wrapper-icon eut-no-shape eut-color-grey\"><span class=\"eut-color-grey\"><\/span><\/div>  <div class=\"eut-box-content\">      <h5 class=\"eut-box-title\">Droit civil et droit commercial<\/h5>    <p class=\"\">&#8211; Conseil aux TPE \/ PME<br \/>\n&#8211; Tribunal des affaires commerciales<br \/>\n&#8211; Droit des contrats et recouvrement de cr\u00e9ances<br \/>\n&#8211; Conseil et contentieux de droit de la copropri\u00e9t\u00e9 et droit locatif <\/p>  <\/div><\/div>[\/vc_column][vc_column width=\u00a0\u00bb1\/3&Prime; tablet_sm_width=\u00a0\u00bb1&Prime;]<div class=\"eut-element eut-box-icon eut-align-center eut-small\" style=\"\">  <div class=\"eut-wrapper-icon eut-no-shape eut-color-grey\"><span class=\"eut-color-grey\"><\/span><\/div>  <div class=\"eut-box-content\">      <h5 class=\"eut-box-title\">Droit de la Famille<\/h5>    <p class=\"\">&#8211; Divorces amiables et contentieux<br \/>\n&#8211; Proc\u00e9dures devant le juge aux affaires familiales hors divorce<br \/>\n&#8211; Liquidation des r\u00e9gimes matrimoniaux<br \/>\n&#8211; Droit des successions<br \/>\n&#8211; Contentieux de la Convention de la Haye<\/p>  <\/div><\/div><div class=\"eut-element eut-box-icon eut-align-center eut-small\" style=\"\">  <div class=\"eut-wrapper-icon eut-no-shape eut-color-grey\"><span class=\"eut-color-grey\"><\/span><\/div>  <div class=\"eut-box-content\">      <h5 class=\"eut-box-title\">Droit de la Consommation et du Surendettement<\/h5>  <\/div><\/div>[\/vc_column][\/vc_row][vc_row section_type=\u00a0\u00bbfullwidth-element\u00a0\u00bb flex_height=\u00a0\u00bbyes\u00a0\u00bb font_color=\u00a0\u00bbrgba(0,0,0,0.85)\u00a0\u00bb padding_bottom=\u00a0\u00bb150&Prime;][vc_column width=\u00a0\u00bb1\/3&Prime; tablet_sm_width=\u00a0\u00bb1&Prime; css=\u00a0\u00bb.vc_custom_1439032968452{padding-top: 6% !important;padding-right: 3% !important;padding-bottom: 6% !important;padding-left: 3% !important;background-color: #e1e7eb !important;}\u00a0\u00bb]<div class=\"eut-element eut-slogan eut-align-center\" style=\"\"><h2 class=\"eut-slogan-title eut-align-center eut-title-no-line\"><span>Contactez le cabinet<\/span><\/h2>  <p class=\"eut-leader-text\">Une question ? Un renseignement ? N&rsquo;h\u00e9sitez pas \u00e0 nous contacter, nous vous r\u00e9pondrons dans les plus brefs d\u00e9lais.<br \/>\n01 43 41 87 87<br \/>\ncabinet@bataille-degroote-avocats.fr <\/p><\/div>[\/vc_column][vc_column width=\u00a0\u00bb1\/3&Prime; tablet_sm_width=\u00a0\u00bb1&Prime; css=\u00a0\u00bb.vc_custom_1651022815055{border-bottom-width: 9% !important;padding-top: 9% !important;padding-right: 5% !important;padding-left: 5% !important;background-image: url(http:\/\/bataille-degroote-avocats.fr\/wp-content\/uploads\/2022\/04\/Cabinet-bataille-degroote-avocats-13-scaled.jpg?id=6354) !important;background-position: center !important;background-repeat: no-repeat !important;background-size: cover !important;}\u00a0\u00bb][vc_empty_space height=\u00a0\u00bb400&Prime;][\/vc_column][vc_column width=\u00a0\u00bb1\/3&Prime; tablet_sm_width=\u00a0\u00bb1&Prime; css=\u00a0\u00bb.vc_custom_1439032982132{padding-top: 6% !important;padding-right: 3% !important;padding-bottom: 6% !important;padding-left: 3% !important;background-color: #e1e7eb !important;}\u00a0\u00bb]<div class=\"eut-element eut-slogan eut-align-center\" style=\"\"><h2 class=\"eut-slogan-title eut-align-center eut-title-no-line\"><span>HONORAIRES<\/span><\/h2>  <p class=\"\">Le cabinet travaille, sauf exceptions, principalement par honoraires forfaitaires. Chaque dossier fait l\u2019objet d\u2019une \u00e9valuation individualis\u00e9e et son prix est adapt\u00e9 en fonction de sa sp\u00e9cificit\u00e9 et de la situation de chacun avec la possibilit\u00e9 de conclure une convention d\u2019honoraire de r\u00e9sultat.<\/p>\n<p>Vous pouvez b\u00e9n\u00e9ficier d\u2019une garantie protection juridique avec vos contrats d\u2019assurance. Celle-ci prend alors en charge les frais d\u2019avocat dans certaines proc\u00e9dures et sur certains montants.<\/p>\n<p>Le cabinet accepte \u00e9galement de vous d\u00e9fendre \u00e0 l\u2019aide juridictionnelle. L\u2019avocat est alors r\u00e9mun\u00e9r\u00e9 totalement ou partiellement par l\u2019\u00c9tat.<\/p>\n<p>Le cabinet accepte tous les moyens de paiement et accepte les paiements par cartes bancaires, le premier RDV au cabinet n\u2019est pas factur\u00e9.<\/p>\n<p><\/p><\/div>[\/vc_column][\/vc_row][vc_row heading_color=\u00a0\u00bblight\u00a0\u00bb section_type=\u00a0\u00bbfullwidth-element\u00a0\u00bb bg_type=\u00a0\u00bbcolor\u00a0\u00bb footer_feature=\u00a0\u00bbyes\u00a0\u00bb flex_height=\u00a0\u00bbyes\u00a0\u00bb margin_bottom=\u00a0\u00bb0&Prime; font_color=\u00a0\u00bbrgba(255,255,255,0.4)\u00a0\u00bb bg_color=\u00a0\u00bb#313340&Prime;][vc_column tablet_width=\u00a0\u00bb1&Prime; tablet_sm_width=\u00a0\u00bb1&Prime; css=\u00a0\u00bb.vc_custom_1438875725195{padding-top: 10% !important;padding-right: 5% !important;padding-bottom: 10% !important;padding-left: 5% !important;}\u00a0\u00bb]<div class=\"eut-element eut-slogan eut-align-center eut-animated-item eut-fadeInUp\" style=\"\" data-delay=\"300\"><h2 class=\"eut-slogan-title eut-align-center eut-title-no-line\"><span>100 Quai de la Rap\u00e9e<\/span><\/h2>  <p class=\"eut-leader-text\">Le cabinet exerce une activit\u00e9 de conseil et de contentieux sp\u00e8cialement en droit du travail et droit social.<\/p>\n<p>Au savoir-faire reconnu en mati\u00e8re de droit du travail, le cabinet apporte son expertise dans les domaines du droit de la famille, du droit des \u00c9trangers, du droit p\u00e9nal, du droit p\u00e9nal du travail et du droit de la sant\u00e9.<\/p>\n<p>Au plus pr\u00e8s de sa client\u00e8le, la d\u00e9marche du cabinet consiste en assister chacune et chacun dans les difficult\u00e9s et les impr\u00e9vus quotidiens.<\/p><\/div>[vc_row_inner][vc_column_inner css=\u00a0\u00bb.vc_custom_1438865845409{padding-top: 3% !important;padding-bottom: 3% !important;}\u00a0\u00bb]<div class=\"eut-element eut-image eut-animated-item eut-fadeInUp eut-align-center\" style=\"margin-bottom: 0px;\" data-delay=\"200\"><img loading=\"lazy\" decoding=\"async\" width=\"1024\" height=\"768\" src=\"https:\/\/bataille-degroote-avocats.fr\/wp-content\/uploads\/2022\/04\/AVOCATS-BATAILLE-DEGROOTE--1024x768.png\" class=\"attachment-large size-large\" alt=\"\" srcset=\"https:\/\/bataille-degroote-avocats.fr\/wp-content\/uploads\/2022\/04\/AVOCATS-BATAILLE-DEGROOTE--1024x768.png 1024w, https:\/\/bataille-degroote-avocats.fr\/wp-content\/uploads\/2022\/04\/AVOCATS-BATAILLE-DEGROOTE--300x225.png 300w, https:\/\/bataille-degroote-avocats.fr\/wp-content\/uploads\/2022\/04\/AVOCATS-BATAILLE-DEGROOTE--768x576.png 768w, https:\/\/bataille-degroote-avocats.fr\/wp-content\/uploads\/2022\/04\/AVOCATS-BATAILLE-DEGROOTE--1536x1152.png 1536w, https:\/\/bataille-degroote-avocats.fr\/wp-content\/uploads\/2022\/04\/AVOCATS-BATAILLE-DEGROOTE--800x600.png 800w, https:\/\/bataille-degroote-avocats.fr\/wp-content\/uploads\/2022\/04\/AVOCATS-BATAILLE-DEGROOTE--1920x1440.png 1920w\" sizes=\"auto, (max-width: 1024px) 100vw, 1024px\" \/><\/div><div role=\"form\" class=\"wpcf7\" id=\"wpcf7-f17-o1\" lang=\"fr-FR\" dir=\"ltr\">\n<div class=\"screen-reader-response\"><p role=\"status\" aria-live=\"polite\" aria-atomic=\"true\"><\/p> <ul><\/ul><\/div>\n<form action=\"\/index.php\/wp-json\/wp\/v2\/pages\/2798#wpcf7-f17-o1\" method=\"post\" class=\"wpcf7-form init\" novalidate=\"novalidate\" data-status=\"init\">\n<div style=\"display: none;\">\n<input type=\"hidden\" name=\"_wpcf7\" value=\"17\" \/>\n<input type=\"hidden\" name=\"_wpcf7_version\" value=\"5.5.6\" \/>\n<input type=\"hidden\" name=\"_wpcf7_locale\" value=\"fr_FR\" \/>\n<input type=\"hidden\" name=\"_wpcf7_unit_tag\" value=\"wpcf7-f17-o1\" \/>\n<input type=\"hidden\" name=\"_wpcf7_container_post\" value=\"0\" \/>\n<input type=\"hidden\" name=\"_wpcf7_posted_data_hash\" value=\"\" \/>\n<\/div>\n<p><label> Votre nom<br \/>\n    <span class=\"wpcf7-form-control-wrap your-name\"><input type=\"text\" name=\"your-name\" value=\"\" size=\"40\" class=\"wpcf7-form-control wpcf7-text wpcf7-validates-as-required\" aria-required=\"true\" aria-invalid=\"false\" \/><\/span> <\/label><\/p>\n<p><label> Votre e-mail<br \/>\n    <span class=\"wpcf7-form-control-wrap your-email\"><input type=\"email\" name=\"your-email\" value=\"\" size=\"40\" class=\"wpcf7-form-control wpcf7-text wpcf7-email wpcf7-validates-as-required wpcf7-validates-as-email\" aria-required=\"true\" aria-invalid=\"false\" \/><\/span> <\/label><\/p>\n<p><label> Objet<br \/>\n    <span class=\"wpcf7-form-control-wrap your-subject\"><input type=\"text\" name=\"your-subject\" value=\"\" size=\"40\" class=\"wpcf7-form-control wpcf7-text wpcf7-validates-as-required\" aria-required=\"true\" aria-invalid=\"false\" \/><\/span> <\/label><\/p>\n<p><label> Votre message (facultatif)<br \/>\n    <span class=\"wpcf7-form-control-wrap your-message\"><textarea name=\"your-message\" cols=\"40\" rows=\"10\" class=\"wpcf7-form-control wpcf7-textarea\" aria-invalid=\"false\"><\/textarea><\/span> <\/label><\/p>\n<p><input type=\"submit\" value=\"Envoyer\" class=\"wpcf7-form-control has-spinner wpcf7-submit\" \/><\/p>\n<div class=\"wpcf7-response-output\" aria-hidden=\"true\"><\/div><\/form><\/div>[\/vc_column_inner][\/vc_row_inner][\/vc_column][\/vc_row]<\/p>\n","protected":false},"excerpt":{"rendered":"<p>[vc_row header_feature=\u00a0\u00bbyes\u00a0\u00bb padding_top=\u00a0\u00bb120&Prime; padding_bottom=\u00a0\u00bb120&Prime; margin_bottom=\u00a0\u00bb0&Prime;][vc_column][vc_column_text animation=\u00a0\u00bbfadeInLeft\u00a0\u00bb] Cabinet d\u2019avocats 100 Quai de la Rap\u00e9e [\/vc_column_text][vc_column_text text_style=\u00a0\u00bbleader-text\u00a0\u00bb animation=\u00a0\u00bbfadeInLeft\u00a0\u00bb animation_delay=\u00a0\u00bb250&Prime;]SCP d\u2019avocats BATAILLE \u2013 DEGROOTE Le cabinet d\u2019avocats a \u00e9t\u00e9 cr\u00e9\u00e9 le 8 janvier 1991. 100 Quai de la Rap\u00e9e, 75012 PARIS T\u00e9l\u00e9phone : 01 43 41 87 87 Mail : cabinet@bataille-degroote-avocats.fr[\/vc_column_text][\/vc_column][\/vc_row][vc_row margin_bottom=\u00a0\u00bb0&Prime; padding_bottom=\u00a0\u00bb120&Prime;][vc_column width=\u00a0\u00bb1\/3&Prime;][\/vc_column][vc_column width=\u00a0\u00bb1\/3&Prime;][\/vc_column][vc_column width=\u00a0\u00bb1\/3&Prime;][\/vc_column][\/vc_row][vc_row section_type=\u00a0\u00bbfullwidth-element\u00a0\u00bb margin_bottom=\u00a0\u00bb0&Prime;][vc_column][vc_row_inner][vc_column_inner [&hellip;]<\/p>\n","protected":false},"author":1,"featured_media":0,"parent":0,"menu_order":0,"comment_status":"closed","ping_status":"closed","template":"","meta":{"footnotes":""},"class_list":["post-2798","page","type-page","status-publish","hentry"],"_links":{"self":[{"href":"https:\/\/bataille-degroote-avocats.fr\/index.php\/wp-json\/wp\/v2\/pages\/2798","targetHints":{"allow":["GET"]}}],"collection":[{"href":"https:\/\/bataille-degroote-avocats.fr\/index.php\/wp-json\/wp\/v2\/pages"}],"about":[{"href":"https:\/\/bataille-degroote-avocats.fr\/index.php\/wp-json\/wp\/v2\/types\/page"}],"author":[{"embeddable":true,"href":"https:\/\/bataille-degroote-avocats.fr\/index.php\/wp-json\/wp\/v2\/users\/1"}],"replies":[{"embeddable":true,"href":"https:\/\/bataille-degroote-avocats.fr\/index.php\/wp-json\/wp\/v2\/comments?post=2798"}],"version-history":[{"count":135,"href":"https:\/\/bataille-degroote-avocats.fr\/index.php\/wp-json\/wp\/v2\/pages\/2798\/revisions"}],"predecessor-version":[{"id":6536,"href":"https:\/\/bataille-degroote-avocats.fr\/index.php\/wp-json\/wp\/v2\/pages\/2798\/revisions\/6536"}],"wp:attachment":[{"href":"https:\/\/bataille-degroote-avocats.fr\/index.php\/wp-json\/wp\/v2\/media?parent=2798"}],"curies":[{"name":"wp","href":"https:\/\/api.w.org\/{rel}","templated":true}]}}